{"id":11558,"date":"2023-08-28T13:30:20","date_gmt":"2023-08-28T11:30:20","guid":{"rendered":"http:\/\/www.ezkabarte.es\/?page_id=11558"},"modified":"2023-08-28T13:30:20","modified_gmt":"2023-08-28T11:30:20","slug":"buzon-de-denuncias","status":"publish","type":"page","link":"http:\/\/www.ezkabarte.es\/eu\/buzon-de-denuncias\/","title":{"rendered":"Salaketen postontzia"},"content":{"rendered":"<p><p>Las denuncias enviadas a trav\u00e9s de este buz\u00f3n deben versar sobre conductas contrarias a la legislaci\u00f3n vigente, a los c\u00f3digos, pol\u00edticas y a cualquier actuaci\u00f3n irregular o impropia cometida en el seno de esta entidad.<\/p><h3 class='titulo_den'>Nueva denuncia<\/h3><form method='POST' id='canal-denuncias' enctype='multipart\/form-data' action='\/eu\/wp-json\/wp\/v2\/pages\/11558'><div class='form-group'><label for='asunto'>Asunto<span class='required'>*<\/span><\/label><input id='asunto' class='form-control' type='text' name='asunto' value='' \/><\/div><div class='form-group'><p class='form-text text-muted'>Los hechos deben describirse de la forma m\u00e1s concreta y detallada posible, debiendo aportarse cualquier documentaci\u00f3n o elemento de prueba que facilite su verificaci\u00f3n. Se aconseja facilitar la informaci\u00f3n sensible mediante un fichero adjunto.<\/p><label for='descripcion'>Descripci\u00f3n<span class='required'>*<\/span><\/label><textarea id='descripcion' class='form-control' name='descripcion'><\/textarea><\/div><div class='form-group'><label for='adjunto'>Adjuntar archivo<\/label><input id='adjunto' class='form-control' type='file' name='adjunto' value='' \/><small>Tipos de fichero v\u00e1lidos: jpeg, gif, png, tiff, webp y pdf<\/small><\/div><hr><div class='h4'>Datos de contacto (opcional)<\/div><p>Se guardar\u00e1 total confidencialidad respecto a su identidad. Si no facilita datos de contacto, renuncia a su derecho a recibir notificaci\u00f3n.<\/p><div class='form-group'><label for='nombre'>Nombre y apellidos<\/label><input id='nombre' class='form-control' type='text' name='nombre' value='' \/><\/div><div class='form-group'><label for='email'>Email<\/label><input id='email' class='form-control' type='text' name='email' value='' \/><\/div><div class='form-group'><input class='btn btn-default btn-denuncias' type='submit' name='enviar' value='Enviar' \/><\/div><table class='denuncias-lopd'><tbody><tr><th scope='row'>Responsable<\/th><td>Ayuntamiento de Ezcabarte \/ Ezkabarteko Udala<\/td><\/tr><tr><th scope='row'>Finalidad<\/th><td><p>Gesti\u00f3n, tramitaci\u00f3n e investigaci\u00f3n de las comunicaciones que lleguen a trav\u00e9s del canal de denuncias.<\/p><p>Mantenimiento del libro registro con las informaciones recibidas y las investigaciones internas que hayan dado lugar, de conformidad con el art. 26 de la Ley 2\/2023.<\/p><\/td><\/tr><tr><th scope='row'>Legitimizaci\u00f3n<\/th><td><p>Tratamiento necesario para el cumplimiento de una obligaci\u00f3n legal aplicable al responsable de tratamiento (art. 6.1.c RGPD)<\/p><p>Ley 2\/2023, de 20 de febrero, reguladora de la protecci\u00f3n de las personas que informen sobre infracciones normativas y de lucha contra la corrupci\u00f3n.<\/p><\/td><\/tr><tr><th scope='row'>Derechos<\/th><td>Acceso, rectificaci\u00f3n, supresi\u00f3n y otros como se indica en la informaci\u00f3n ampliada.<\/td><\/tr><tr><th scope='row'>Informaci\u00f3n adicional<\/th><td>La informaci\u00f3n ampliada se puede consultar en el apartado de <a href=\"\/aviso-de-privacidad\">Protecci\u00f3n de datos de la web<\/a> o contactando con el delegado de protecci\u00f3n de datos (<a href=\"mailto:\"><\/a>)<\/td><\/tr><\/tbody><tfoot><tr><td colspan='2'>Informaci\u00f3n b\u00e1sica sobre protecci\u00f3n de datos<\/td><\/tfoot><\/table><input type='hidden' id='g-recaptcha-response' name='g-recaptcha-response'><input type='hidden' name='action' value='validate_captcha'><\/form><script src='https:\/\/www.google.com\/recaptcha\/api.js?render=6Ld-xV8pAAAAAMIUE2dUlDuwna3To9QmCsejWN9K'><\/script><script>grecaptcha.ready(function () {\n    document.querySelector('.btn.btn-default.btn-denuncias').addEventListener('click', function (e) {\n        e.preventDefault()\n\n        grecaptcha.execute('6Ld-xV8pAAAAAMIUE2dUlDuwna3To9QmCsejWN9K', {action: 'validate_captcha'})\n            .then(function (token) {\n                document.getElementById('g-recaptcha-response').value = token\n                document.getElementById('canal-denuncias').submit()\n            });\n    })\n})\n\t<\/script><br \/>\n<h3 id='buscador-denuncias' class='titulo_den'>Consultar estado denuncia<\/h3><form method='GET' action='\/eu\/wp-json\/wp\/v2\/pages\/11558#buscador-denuncias'><p>Si cuando curs\u00f3 la denuncia facilit\u00f3 un email introd\u00fazcalo, en caso contrario, introduzca el n\u00famero de denuncia que se le facilit\u00f3<\/p><div class='form-group'><label for='incidencia-email'>C\u00f3digo de denuncia \/ Correo electr\u00f3nico:<\/label><input type='text' name='denuncia' id='incidencia-email' class='form-control' value='' \/><\/div><div class='form-group'><input type='submit' class='btn btn-default btn-denuncias' value='Buscar' \/><\/div><\/form><\/p>\n","protected":false},"excerpt":{"rendered":"","protected":false},"author":2,"featured_media":0,"parent":0,"menu_order":0,"comment_status":"closed","ping_status":"closed","template":"","meta":{"_monsterinsights_skip_tracking":false,"_monsterinsights_sitenote_active":false,"_monsterinsights_sitenote_note":"","_monsterinsights_sitenote_category":0,"footnotes":""},"class_list":["post-11558","page","type-page","status-publish","hentry"],"yoast_head":"<!-- This site is optimized with the Yoast SEO plugin v26.8 - https:\/\/yoast.com\/product\/yoast-seo-wordpress\/ -->\r\n<title>Salaketen postontzia - Ayuntamiento de Ezcabarte \/ Ezkabarteko Udala<\/title>\r\n<meta name=\"robots\" content=\"index, follow, max-snippet:-1, max-image-preview:large, max-video-preview:-1\" \/>\r\n<link rel=\"canonical\" href=\"http:\/\/www.ezkabarte.es\/eu\/buzon-de-denuncias\/\" \/>\r\n<meta property=\"og:locale\" content=\"en_US\" \/>\r\n<meta property=\"og:type\" content=\"article\" \/>\r\n<meta property=\"og:title\" content=\"Salaketen postontzia - Ayuntamiento de Ezcabarte \/ Ezkabarteko Udala\" \/>\r\n<meta property=\"og:url\" content=\"http:\/\/www.ezkabarte.es\/eu\/buzon-de-denuncias\/\" \/>\r\n<meta property=\"og:site_name\" content=\"Ayuntamiento de Ezcabarte \/ Ezkabarteko Udala\" \/>\r\n<meta name=\"twitter:card\" content=\"summary_large_image\" \/>\r\n<meta name=\"twitter:label1\" content=\"Est. reading time\" \/>\n\t<meta name=\"twitter:data1\" content=\"1 minutua\" \/>\r\n<script type=\"application\/ld+json\" class=\"yoast-schema-graph\">{\"@context\":\"https:\/\/schema.org\",\"@graph\":[{\"@type\":\"WebPage\",\"@id\":\"http:\/\/www.ezkabarte.es\/eu\/buzon-de-denuncias\/\",\"url\":\"http:\/\/www.ezkabarte.es\/eu\/buzon-de-denuncias\/\",\"name\":\"Salaketen postontzia - Ayuntamiento de Ezcabarte \/ Ezkabarteko Udala\",\"isPartOf\":{\"@id\":\"http:\/\/www.ezkabarte.es\/eu\/#website\"},\"datePublished\":\"2023-08-28T11:30:20+00:00\",\"breadcrumb\":{\"@id\":\"http:\/\/www.ezkabarte.es\/eu\/buzon-de-denuncias\/#breadcrumb\"},\"inLanguage\":\"eu\",\"potentialAction\":[{\"@type\":\"ReadAction\",\"target\":[[\"http:\/\/www.ezkabarte.es\/eu\/buzon-de-denuncias\/\"]]}]},{\"@type\":\"BreadcrumbList\",\"@id\":\"http:\/\/www.ezkabarte.es\/eu\/buzon-de-denuncias\/#breadcrumb\",\"itemListElement\":[{\"@type\":\"ListItem\",\"position\":1,\"name\":\"Portada\",\"item\":\"http:\/\/www.ezkabarte.es\/eu\/\"},{\"@type\":\"ListItem\",\"position\":2,\"name\":\"Buz\u00f3n de denuncias\"}]},{\"@type\":\"WebSite\",\"@id\":\"http:\/\/www.ezkabarte.es\/eu\/#website\",\"url\":\"http:\/\/www.ezkabarte.es\/eu\/\",\"name\":\"Ayuntamiento de Ezcabarte \/ Ezkabarteko Udala\",\"description\":\"Ezkabarteko Udala\",\"potentialAction\":[{\"@type\":\"SearchAction\",\"target\":{\"@type\":\"EntryPoint\",\"urlTemplate\":\"http:\/\/www.ezkabarte.es\/eu\/?s={search_term_string}\"},\"query-input\":{\"@type\":\"PropertyValueSpecification\",\"valueRequired\":true,\"valueName\":\"search_term_string\"}}],\"inLanguage\":\"eu\"}]}<\/script>\r\n<!-- \/ Yoast SEO plugin. -->","yoast_head_json":{"title":"Salaketen postontzia - Ayuntamiento de Ezcabarte \/ Ezkabarteko Udala","robots":{"index":"index","follow":"follow","max-snippet":"max-snippet:-1","max-image-preview":"max-image-preview:large","max-video-preview":"max-video-preview:-1"},"canonical":"http:\/\/www.ezkabarte.es\/eu\/buzon-de-denuncias\/","og_locale":"en_US","og_type":"article","og_title":"Salaketen postontzia - Ayuntamiento de Ezcabarte \/ Ezkabarteko Udala","og_url":"http:\/\/www.ezkabarte.es\/eu\/buzon-de-denuncias\/","og_site_name":"Ayuntamiento de Ezcabarte \/ Ezkabarteko Udala","twitter_card":"summary_large_image","twitter_misc":{"Est. reading time":"1 minutua"},"schema":{"@context":"https:\/\/schema.org","@graph":[{"@type":"WebPage","@id":"http:\/\/www.ezkabarte.es\/eu\/buzon-de-denuncias\/","url":"http:\/\/www.ezkabarte.es\/eu\/buzon-de-denuncias\/","name":"Salaketen postontzia - Ayuntamiento de Ezcabarte \/ Ezkabarteko Udala","isPartOf":{"@id":"http:\/\/www.ezkabarte.es\/eu\/#website"},"datePublished":"2023-08-28T11:30:20+00:00","breadcrumb":{"@id":"http:\/\/www.ezkabarte.es\/eu\/buzon-de-denuncias\/#breadcrumb"},"inLanguage":"eu","potentialAction":[{"@type":"ReadAction","target":[["http:\/\/www.ezkabarte.es\/eu\/buzon-de-denuncias\/"]]}]},{"@type":"BreadcrumbList","@id":"http:\/\/www.ezkabarte.es\/eu\/buzon-de-denuncias\/#breadcrumb","itemListElement":[{"@type":"ListItem","position":1,"name":"Portada","item":"http:\/\/www.ezkabarte.es\/eu\/"},{"@type":"ListItem","position":2,"name":"Buz\u00f3n de denuncias"}]},{"@type":"WebSite","@id":"http:\/\/www.ezkabarte.es\/eu\/#website","url":"http:\/\/www.ezkabarte.es\/eu\/","name":"Ayuntamiento de Ezcabarte \/ Ezkabarteko Udala","description":"Ezkabarteko Udala","potentialAction":[{"@type":"SearchAction","target":{"@type":"EntryPoint","urlTemplate":"http:\/\/www.ezkabarte.es\/eu\/?s={search_term_string}"},"query-input":{"@type":"PropertyValueSpecification","valueRequired":true,"valueName":"search_term_string"}}],"inLanguage":"eu"}]}},"_links":{"self":[{"href":"http:\/\/www.ezkabarte.es\/eu\/wp-json\/wp\/v2\/pages\/11558","targetHints":{"allow":["GET"]}}],"collection":[{"href":"http:\/\/www.ezkabarte.es\/eu\/wp-json\/wp\/v2\/pages"}],"about":[{"href":"http:\/\/www.ezkabarte.es\/eu\/wp-json\/wp\/v2\/types\/page"}],"author":[{"embeddable":true,"href":"http:\/\/www.ezkabarte.es\/eu\/wp-json\/wp\/v2\/users\/2"}],"replies":[{"embeddable":true,"href":"http:\/\/www.ezkabarte.es\/eu\/wp-json\/wp\/v2\/comments?post=11558"}],"version-history":[{"count":1,"href":"http:\/\/www.ezkabarte.es\/eu\/wp-json\/wp\/v2\/pages\/11558\/revisions"}],"predecessor-version":[{"id":11559,"href":"http:\/\/www.ezkabarte.es\/eu\/wp-json\/wp\/v2\/pages\/11558\/revisions\/11559"}],"wp:attachment":[{"href":"http:\/\/www.ezkabarte.es\/eu\/wp-json\/wp\/v2\/media?parent=11558"}],"curies":[{"name":"wp","href":"https:\/\/api.w.org\/{rel}","templated":true}]}}