{"id":21,"date":"2014-03-26T08:24:07","date_gmt":"2014-03-26T08:24:07","guid":{"rendered":"http:\/\/www.ezkabarte.es\/?page_id=21"},"modified":"2023-08-09T14:46:06","modified_gmt":"2023-08-09T12:46:06","slug":"corporacion-municipal","status":"publish","type":"page","link":"http:\/\/www.ezkabarte.es\/eu\/ayuntamiento\/organizacion-municipal\/corporacion-municipal\/","title":{"rendered":"Udalbatza"},"content":{"rendered":"<p><\/p>\n<table style=\"width: 645px;height: 817px\" border=\"1\" summary=\"Descripci\u00f3n del nombre, cargo y partido pol\u00edtico de los componentes de la Corporaci\u00f3n Municipal\">\n<tbody>\n<tr>\n<th id=\"650\" style=\"width: 110.567px\">Kargua<\/th>\n<th id=\"651\" style=\"width: 263.117px\">Izen-abizenak<\/th>\n<th id=\"652\" style=\"width: 190.117px\">Udal Taldea<\/th>\n<\/tr>\n<tr>\n<td style=\"width: 110.567px\" headers=\"650\">Alkatea<\/td>\n<td style=\"width: 263.117px\" headers=\"651\">PEDRO LEZAUN ESPARZA<\/td>\n<td style=\"width: 190.117px\" headers=\"652\">\n<h4>AIVE \u2013 EAB<\/h4>\n<\/td>\n<\/tr>\n<tr>\n<td style=\"width: 110.567px\" headers=\"650\">1. Alkateordea<\/td>\n<td style=\"width: 263.117px\" headers=\"651\">EVA LARA PARDO<\/td>\n<td style=\"width: 190.117px\" headers=\"652\">\n<h4>AIVE \u2013 EAB<\/h4>\n<\/td>\n<\/tr>\n<tr>\n<td style=\"width: 110.567px\" headers=\"650\">Zinegotzia<\/td>\n<td style=\"width: 263.117px\" headers=\"651\">SONIA OSES MORENO<\/td>\n<td style=\"width: 190.117px\" headers=\"652\">\n<h4>AIVE \u2013 EAB<\/h4>\n<\/td>\n<\/tr>\n<tr>\n<td style=\"width: 110.567px\" headers=\"650\">Zinegotzia<\/td>\n<td style=\"width: 263.117px\" headers=\"651\">SERGIO CASADO FERNANDEZ<\/td>\n<td style=\"width: 190.117px\" headers=\"652\">\n<h4>AIVE \u2013 EAB<\/h4>\n<\/td>\n<\/tr>\n<tr>\n<td style=\"width: 110.567px\" headers=\"650\">Zinegotzia<\/td>\n<td style=\"width: 263.117px\" headers=\"651\">\u00a0MARIA CONCEPCI\u00d3N GASCUE IROZ<\/td>\n<td style=\"width: 190.117px\" headers=\"652\">\n<h4>AIVE \u2013 EAB<\/h4>\n<\/td>\n<\/tr>\n<tr>\n<td style=\"width: 110.567px\" headers=\"650\">Zinegotzia<\/td>\n<td style=\"width: 263.117px\" headers=\"651\">JAIONE GARCIA MARTINEZ<\/td>\n<td style=\"width: 190.117px\" headers=\"652\">\n<h4>AIVE \u2013 EAB<\/h4>\n<\/td>\n<\/tr>\n<tr>\n<td style=\"width: 110.567px\" headers=\"650\">Zinegotzia<\/td>\n<td style=\"width: 263.117px\" headers=\"651\">IKER ANDUEZA GIL<\/td>\n<td style=\"width: 190.117px\" headers=\"652\">\n<h4>EH Bildu<\/h4>\n<\/td>\n<\/tr>\n<tr>\n<td style=\"width: 110.567px\" headers=\"650\">Zinegotzia<\/td>\n<td style=\"width: 263.117px\" headers=\"651\">SUSANA ASIAIN VIERGE<\/td>\n<td style=\"width: 190.117px\" headers=\"652\">\n<h4>EH Bildu<\/h4>\n<\/td>\n<\/tr>\n<tr>\n<td style=\"width: 110.567px\" headers=\"650\">Zinegotzia<\/td>\n<td style=\"width: 263.117px\" headers=\"651\">PATRIZIA DAVID IBIRIKU<\/td>\n<td style=\"width: 190.117px\" headers=\"652\">\n<h4>EH Bildu<\/h4>\n<\/td>\n<\/tr>\n<tr>\n<td style=\"width: 110.567px\"><\/td>\n<td style=\"width: 263.117px\" headers=\"651\"><\/td>\n<td style=\"width: 190.117px\"><\/td>\n<\/tr>\n<tr>\n<td style=\"width: 110.567px\"><\/td>\n<td style=\"width: 263.117px\" headers=\"651\"><\/td>\n<td style=\"width: 190.117px\"><\/td>\n<\/tr>\n<tr>\n<td style=\"width: 110.567px\"><\/td>\n<td style=\"width: 263.117px\" headers=\"651\"><\/td>\n<td style=\"width: 190.117px\"><\/td>\n<\/tr>\n<tr>\n<td style=\"width: 110.567px\"><\/td>\n<td style=\"width: 263.117px\" headers=\"651\"><\/td>\n<td style=\"width: 190.117px\"><\/td>\n<\/tr>\n<tr>\n<td style=\"width: 110.567px\"><\/td>\n<td style=\"width: 263.117px\" headers=\"651\"><\/td>\n<td style=\"width: 190.117px\"><\/td>\n<\/tr>\n<tr>\n<td style=\"width: 110.567px\"><\/td>\n<td style=\"width: 263.117px\" headers=\"651\"><\/td>\n<td style=\"width: 190.117px\"><\/td>\n<\/tr>\n<tr>\n<td style=\"width: 110.567px\"><\/td>\n<td style=\"width: 263.117px\" headers=\"651\"><\/td>\n<td style=\"width: 190.117px\"><\/td>\n<\/tr>\n<tr>\n<td style=\"width: 110.567px\"><\/td>\n<td style=\"width: 263.117px\" headers=\"651\"><\/td>\n<td style=\"width: 190.117px\"><\/td>\n<\/tr>\n<\/tbody>\n<\/table>\n<p><\/p>","protected":false},"excerpt":{"rendered":"<p>Kargua Izen-abizenak Udal Taldea Alkatea PEDRO LEZAUN ESPARZA AIVE \u2013 EAB 1. Alkateordea EVA LARA PARDO AIVE \u2013 EAB Zinegotzia SONIA OSES MORENO AIVE \u2013 EAB Zinegotzia SERGIO CASADO FERNANDEZ AIVE \u2013 EAB Zinegotzia \u00a0MARIA CONCEPCI\u00d3N GASCUE IROZ AIVE \u2013&hellip; <\/p>\n","protected":false},"author":144,"featured_media":0,"parent":20,"menu_order":1,"comment_status":"closed","ping_status":"closed","template":"","meta":{"_monsterinsights_skip_tracking":false,"_monsterinsights_sitenote_active":false,"_monsterinsights_sitenote_note":"","_monsterinsights_sitenote_category":0,"footnotes":""},"class_list":["post-21","page","type-page","status-publish","hentry"],"yoast_head":"<!-- This site is optimized with the Yoast SEO plugin v26.8 - https:\/\/yoast.com\/product\/yoast-seo-wordpress\/ -->\r\n<title>Udalbatza - Ayuntamiento de Ezcabarte \/ Ezkabarteko Udala<\/title>\r\n<meta name=\"robots\" content=\"index, follow, max-snippet:-1, max-image-preview:large, max-video-preview:-1\" \/>\r\n<link rel=\"canonical\" href=\"http:\/\/www.ezkabarte.es\/eu\/ayuntamiento\/organizacion-municipal\/corporacion-municipal\/\" \/>\r\n<meta property=\"og:locale\" content=\"en_US\" \/>\r\n<meta property=\"og:type\" content=\"article\" \/>\r\n<meta property=\"og:title\" content=\"Udalbatza - Ayuntamiento de Ezcabarte \/ Ezkabarteko Udala\" \/>\r\n<meta property=\"og:description\" content=\"Kargua Izen-abizenak Udal Taldea Alkatea PEDRO LEZAUN ESPARZA AIVE \u2013 EAB 1. Alkateordea EVA LARA PARDO AIVE \u2013 EAB Zinegotzia SONIA OSES MORENO AIVE \u2013 EAB Zinegotzia SERGIO CASADO FERNANDEZ AIVE \u2013 EAB Zinegotzia \u00a0MARIA CONCEPCI\u00d3N GASCUE IROZ AIVE \u2013&hellip;\" \/>\r\n<meta property=\"og:url\" content=\"http:\/\/www.ezkabarte.es\/eu\/ayuntamiento\/organizacion-municipal\/corporacion-municipal\/\" \/>\r\n<meta property=\"og:site_name\" content=\"Ayuntamiento de Ezcabarte \/ Ezkabarteko Udala\" \/>\r\n<meta property=\"article:modified_time\" content=\"2023-08-09T12:46:06+00:00\" \/>\r\n<meta name=\"twitter:card\" content=\"summary_large_image\" \/>\r\n<meta name=\"twitter:label1\" content=\"Est. reading time\" \/>\n\t<meta name=\"twitter:data1\" content=\"1 minutua\" \/>\r\n<script type=\"application\/ld+json\" class=\"yoast-schema-graph\">{\"@context\":\"https:\/\/schema.org\",\"@graph\":[{\"@type\":\"WebPage\",\"@id\":\"http:\/\/www.ezkabarte.es\/eu\/ayuntamiento\/organizacion-municipal\/corporacion-municipal\/\",\"url\":\"http:\/\/www.ezkabarte.es\/eu\/ayuntamiento\/organizacion-municipal\/corporacion-municipal\/\",\"name\":\"Udalbatza - Ayuntamiento de Ezcabarte \/ Ezkabarteko Udala\",\"isPartOf\":{\"@id\":\"http:\/\/www.ezkabarte.es\/eu\/#website\"},\"datePublished\":\"2014-03-26T08:24:07+00:00\",\"dateModified\":\"2023-08-09T12:46:06+00:00\",\"breadcrumb\":{\"@id\":\"http:\/\/www.ezkabarte.es\/eu\/ayuntamiento\/organizacion-municipal\/corporacion-municipal\/#breadcrumb\"},\"inLanguage\":\"eu\",\"potentialAction\":[{\"@type\":\"ReadAction\",\"target\":[[\"http:\/\/www.ezkabarte.es\/eu\/ayuntamiento\/organizacion-municipal\/corporacion-municipal\/\"]]}]},{\"@type\":\"BreadcrumbList\",\"@id\":\"http:\/\/www.ezkabarte.es\/eu\/ayuntamiento\/organizacion-municipal\/corporacion-municipal\/#breadcrumb\",\"itemListElement\":[{\"@type\":\"ListItem\",\"position\":1,\"name\":\"Portada\",\"item\":\"http:\/\/www.ezkabarte.es\/eu\/\"},{\"@type\":\"ListItem\",\"position\":2,\"name\":\"Ayuntamiento\",\"item\":\"http:\/\/www.ezkabarte.es\/eu\/ayuntamiento\/\"},{\"@type\":\"ListItem\",\"position\":3,\"name\":\"Organizaci\u00f3n Municipal\",\"item\":\"http:\/\/www.ezkabarte.es\/eu\/ayuntamiento\/organizacion-municipal\/\"},{\"@type\":\"ListItem\",\"position\":4,\"name\":\"Corporaci\u00f3n Municipal\"}]},{\"@type\":\"WebSite\",\"@id\":\"http:\/\/www.ezkabarte.es\/eu\/#website\",\"url\":\"http:\/\/www.ezkabarte.es\/eu\/\",\"name\":\"Ayuntamiento de Ezcabarte \/ Ezkabarteko Udala\",\"description\":\"Ezkabarteko Udala\",\"potentialAction\":[{\"@type\":\"SearchAction\",\"target\":{\"@type\":\"EntryPoint\",\"urlTemplate\":\"http:\/\/www.ezkabarte.es\/eu\/?s={search_term_string}\"},\"query-input\":{\"@type\":\"PropertyValueSpecification\",\"valueRequired\":true,\"valueName\":\"search_term_string\"}}],\"inLanguage\":\"eu\"}]}<\/script>\r\n<!-- \/ Yoast SEO plugin. -->","yoast_head_json":{"title":"Udalbatza - Ayuntamiento de Ezcabarte \/ Ezkabarteko Udala","robots":{"index":"index","follow":"follow","max-snippet":"max-snippet:-1","max-image-preview":"max-image-preview:large","max-video-preview":"max-video-preview:-1"},"canonical":"http:\/\/www.ezkabarte.es\/eu\/ayuntamiento\/organizacion-municipal\/corporacion-municipal\/","og_locale":"en_US","og_type":"article","og_title":"Udalbatza - Ayuntamiento de Ezcabarte \/ Ezkabarteko Udala","og_description":"Kargua Izen-abizenak Udal Taldea Alkatea PEDRO LEZAUN ESPARZA AIVE \u2013 EAB 1. Alkateordea EVA LARA PARDO AIVE \u2013 EAB Zinegotzia SONIA OSES MORENO AIVE \u2013 EAB Zinegotzia SERGIO CASADO FERNANDEZ AIVE \u2013 EAB Zinegotzia \u00a0MARIA CONCEPCI\u00d3N GASCUE IROZ AIVE \u2013&hellip;","og_url":"http:\/\/www.ezkabarte.es\/eu\/ayuntamiento\/organizacion-municipal\/corporacion-municipal\/","og_site_name":"Ayuntamiento de Ezcabarte \/ Ezkabarteko Udala","article_modified_time":"2023-08-09T12:46:06+00:00","twitter_card":"summary_large_image","twitter_misc":{"Est. reading time":"1 minutua"},"schema":{"@context":"https:\/\/schema.org","@graph":[{"@type":"WebPage","@id":"http:\/\/www.ezkabarte.es\/eu\/ayuntamiento\/organizacion-municipal\/corporacion-municipal\/","url":"http:\/\/www.ezkabarte.es\/eu\/ayuntamiento\/organizacion-municipal\/corporacion-municipal\/","name":"Udalbatza - Ayuntamiento de Ezcabarte \/ Ezkabarteko Udala","isPartOf":{"@id":"http:\/\/www.ezkabarte.es\/eu\/#website"},"datePublished":"2014-03-26T08:24:07+00:00","dateModified":"2023-08-09T12:46:06+00:00","breadcrumb":{"@id":"http:\/\/www.ezkabarte.es\/eu\/ayuntamiento\/organizacion-municipal\/corporacion-municipal\/#breadcrumb"},"inLanguage":"eu","potentialAction":[{"@type":"ReadAction","target":[["http:\/\/www.ezkabarte.es\/eu\/ayuntamiento\/organizacion-municipal\/corporacion-municipal\/"]]}]},{"@type":"BreadcrumbList","@id":"http:\/\/www.ezkabarte.es\/eu\/ayuntamiento\/organizacion-municipal\/corporacion-municipal\/#breadcrumb","itemListElement":[{"@type":"ListItem","position":1,"name":"Portada","item":"http:\/\/www.ezkabarte.es\/eu\/"},{"@type":"ListItem","position":2,"name":"Ayuntamiento","item":"http:\/\/www.ezkabarte.es\/eu\/ayuntamiento\/"},{"@type":"ListItem","position":3,"name":"Organizaci\u00f3n Municipal","item":"http:\/\/www.ezkabarte.es\/eu\/ayuntamiento\/organizacion-municipal\/"},{"@type":"ListItem","position":4,"name":"Corporaci\u00f3n Municipal"}]},{"@type":"WebSite","@id":"http:\/\/www.ezkabarte.es\/eu\/#website","url":"http:\/\/www.ezkabarte.es\/eu\/","name":"Ayuntamiento de Ezcabarte \/ Ezkabarteko Udala","description":"Ezkabarteko Udala","potentialAction":[{"@type":"SearchAction","target":{"@type":"EntryPoint","urlTemplate":"http:\/\/www.ezkabarte.es\/eu\/?s={search_term_string}"},"query-input":{"@type":"PropertyValueSpecification","valueRequired":true,"valueName":"search_term_string"}}],"inLanguage":"eu"}]}},"_links":{"self":[{"href":"http:\/\/www.ezkabarte.es\/eu\/wp-json\/wp\/v2\/pages\/21","targetHints":{"allow":["GET"]}}],"collection":[{"href":"http:\/\/www.ezkabarte.es\/eu\/wp-json\/wp\/v2\/pages"}],"about":[{"href":"http:\/\/www.ezkabarte.es\/eu\/wp-json\/wp\/v2\/types\/page"}],"author":[{"embeddable":true,"href":"http:\/\/www.ezkabarte.es\/eu\/wp-json\/wp\/v2\/users\/144"}],"replies":[{"embeddable":true,"href":"http:\/\/www.ezkabarte.es\/eu\/wp-json\/wp\/v2\/comments?post=21"}],"version-history":[{"count":12,"href":"http:\/\/www.ezkabarte.es\/eu\/wp-json\/wp\/v2\/pages\/21\/revisions"}],"predecessor-version":[{"id":11519,"href":"http:\/\/www.ezkabarte.es\/eu\/wp-json\/wp\/v2\/pages\/21\/revisions\/11519"}],"up":[{"embeddable":true,"href":"http:\/\/www.ezkabarte.es\/eu\/wp-json\/wp\/v2\/pages\/20"}],"wp:attachment":[{"href":"http:\/\/www.ezkabarte.es\/eu\/wp-json\/wp\/v2\/media?parent=21"}],"curies":[{"name":"wp","href":"https:\/\/api.w.org\/{rel}","templated":true}]}}