{"id":58,"date":"2014-03-26T13:15:46","date_gmt":"2014-03-26T13:15:46","guid":{"rendered":"http:\/\/www.ezkabarte.es\/?page_id=58"},"modified":"2026-03-06T11:32:13","modified_gmt":"2026-03-06T10:32:13","slug":"ordenanzas-y-reglamentos","status":"publish","type":"page","link":"http:\/\/www.ezkabarte.es\/eu\/ayuntamiento\/ordenanzas-y-reglamentos\/","title":{"rendered":"Ordenantzak"},"content":{"rendered":"<p><\/p>\n<div id=\"contenido\">\n<div>\n<p><a title=\"Documento PDF se abrir\u00e1 en nueva ventana\" href=\"\/wp-content\/uploads\/sites\/58\/2014\/03\/1.ORDENANZA-FISCAL-GENERAL.pdf\">1.ORDENANZA FISCAL GENERAL (Tama\u00f1o 71.1Kb)<\/a><\/p>\n<p><a title=\"Documento PDF se abrir\u00e1 en nueva ventana\" href=\"\/wp-content\/uploads\/sites\/58\/2014\/03\/2.ORDENANZA-FISCAL-GENERAL-DE-LAS-CONTRIBUCIONES-ESPECIALES.pdf\">2.ORDENANZA FISCAL GENERAL DE LAS CONTRIBUCIONES ESPECIALES (Tama\u00f1o 31.7Kb)<\/a><\/p>\n<p><a title=\"Documento PDF se abrir\u00e1 en nueva ventana\" href=\"\/wp-content\/uploads\/sites\/58\/2014\/03\/3.ORDENANZA-FISCAL-REGULADORA-DE-LA-TASA-DE-ALCANTARILLADO-Y-DE-DEPURACION-DE-AGUAS-RESIDUALES.pdf\">3.ORDENANZA FISCAL REGULADORA DE LA TASA DE ALCANTARILLADO Y DE DEPURACI\u00d3N DE AGUAS RESIDUALES (Tama\u00f1o 14.2Kb)<\/a><\/p>\n<p><a title=\"Documento PDF se abrir\u00e1 en nueva ventana\" href=\"\/wp-content\/uploads\/sites\/58\/2014\/03\/4.ORDENANZA-REGULADORA-DE-LOS-PRECIOS-PUBLICOS-POR-SUMINISTRO-DE-AGUA.pdf\">4.ORDENANZA REGULADORA DE LOS PRECIOS P\u00daBLICOS POR SUMINISTRO DE AGUA (Tama\u00f1o 15Kb)<\/a><\/p>\n<p><a href=\"http:\/\/www.ezcabarte.es\/wp-content\/uploads\/sites\/58\/2014\/03\/eus-ord-enpresen.pdf\">6 HERRIKO JABARI PUBLIKOAN INTERES OROKORREKO HORNIDURA ZERBITZUAK USTIATZEN DITUZTEN ENPRESEN APROBETXAMENDU BEREZIAREN TASA ARAUTZEN DUEN ORDENANTZA (Tamaina 11 Kb)<\/a><\/p>\n<p><a href=\"http:\/\/www.ezcabarte.es\/wp-content\/uploads\/sites\/58\/2014\/03\/eus-ord-lurzoru.pdf\">7. HERRIKO JABARI PUBLIKOKO LURZORU, HEGALKIN ETA ZORUPEAREN ERABILERA PRIBATIBO EDO APROBETXAMENDU BEREZIAREN TASAK ARAUTZEN DITUEN ORDENANTZA FISKALA (Tamaina 28 Kb)<\/a><\/p>\n<p><a href=\"http:\/\/www.ezkabarte.es\/wp-content\/uploads\/sites\/58\/2014\/03\/ORDENANTZA-81.pdf\">8. ORDENANTZA\u00a0FISKALA, LIZENTZIAK EMATEKO ETA HIRIGINTZAKO JARDUKETAK EGITEKO TASAK ARAUTZEN DITUENA (Tamaina 16,9 Kb)<\/a><\/p>\n<p><a href=\"http:\/\/www.ezkabarte.es\/wp-content\/uploads\/sites\/58\/2014\/03\/ORDENANTZA-91.pdf\">9. ORDENANTZA FISKALA, JARDUERA SAILKATU ETA\u00a0KALTEGABEETAN ARITZEKO ETA JARDUERAK ESKUALDATZEKO LIZENTZIAREN TASAK ARAUTZEN DITUENAORDENANTZA (Tamaina 11,9 Kb)<\/a><\/p>\n<p><a title=\"Documento PDF se abrir\u00e1 en nueva ventana\" href=\"\/wp-content\/uploads\/sites\/58\/2014\/03\/ordenanza_fiscal_vados.pdf\">10.ORDENANZA FISCAL REGULADORA DE LOS DERECHOS Y TASAS POR LA PRESENTACI\u00d3N DEL SERVICIO DE RETIRADA DE VEH\u00cdCULOS DE LA V\u00cdA P\u00daBLICA Y SUBSIGUIENTE CUSTODIA DE LOS MISMOS (Tama\u00f1o 71.1Kb)<\/a><\/p>\n<p><a href=\"http:\/\/www.ezcabarte.es\/wp-content\/uploads\/sites\/58\/2014\/03\/eus-ord-vados.pdf\">11. ORDENANTZA FISKALA, IBILGAILUAK ESPALOIETAN BARNA SARTU ETA ATERATZEKO ETA EREMU PUBLIKOA APARKAMENTU ESKLUSIBORAKO TASAK ARAUTZEN DITUENA (Tamaina 31 KB)<\/a><\/p>\n<p><a href=\"http:\/\/www.ezkabarte.es\/wp-content\/uploads\/sites\/58\/2021\/08\/12-ORDENANTZA-FISKALA-ERAIKUNTZA-INSTALAZIO-ETA-OBREN-GAINEKO-ZERGA-ARAUTZEN-DUENA.pdf\">12 ORDENANTZA FISKALA, ERAIKUNTZA, INSTALAZIO ETA OBREN GAINEKO ZERGA ARAUTZEN DUENA<\/a> (Tamaina 14 kb)<\/p>\n<p><a href=\"http:\/\/www.ezkabarte.es\/wp-content\/uploads\/sites\/58\/2021\/08\/13-ORDENANTZA-FISKALA-TRAKZIO-MEKANIKOKO-IBILGAILUEN-GAINEKO-ZERGA-ARAUTZEN-DUENA.pdf\">13 ORDENANTZA FISKALA, TRAKZIO MEKANIKOKO IBILGAILUEN GAINEKO ZERGA ARAUTZEN DUENA<\/a> (tamaina 25 kb)<\/p>\n<h6><a href=\"http:\/\/www.ezkabarte.es\/wp-content\/uploads\/sites\/58\/2026\/03\/Zerga-tasak-tasak-eta-prezio-publikoak-2026rako.pdf\" target=\"_blank\" rel=\"noopener\"><strong>ZERGA-TASAK, TASAK ETA PREZIO PUBLIKOAK 2026rako<\/strong><\/a><\/h6>\n<p><strong>(Ebazpen honek aurreko ordenantza fiskalen tarifak aldatzen ditu).<\/strong><\/p>\n<h3>EZ FISKALAK<\/h3>\n<\/div>\n<div><a href=\"http:\/\/www.ezcabarte.es\/wp-content\/uploads\/sites\/58\/2014\/03\/eus-ord-elektronikoa.pdf\">1. ADMINISTRAZIO ELEKTRONIKOA ARAUTZEN DUEN ORDENANTZA (Tamaina 112 kb)<\/a><\/div>\n<div><\/div>\n<div><a title=\"PDF dokumentua leiho berrian irekiko da\" href=\"\/wp-content\/uploads\/sites\/58\/2014\/03\/ordenanza_parejas_estables.pdf\">2. EZKONDU GABEKO BIKOTE EGONKORREN UDAL ERREGISTROAREN ANTOLAKUNTZA ETA FUNTZIONAMENDUA ARAUTZEN DITUEN ORDENANTZA (Tamaina 30Kb)<\/a><\/div>\n<div><\/div>\n<div><a href=\"http:\/\/www.ezcabarte.es\/wp-content\/uploads\/sites\/58\/2014\/03\/eus-desgai-txartela.pdf\">3.\u00a0UDAL ORDENANTZA, DESGAITASUNA DUTEN PERTSONEI APARKATZEKO TXARTELAK EMATEA ARAUTZEN DUENA (Tamaina 25,5 Kb)<\/a><\/div>\n<div><\/div>\n<div><a title=\"Documento PDF se abrir\u00e1 en nueva ventana\" href=\"\/wp-content\/uploads\/sites\/58\/2014\/03\/3.ORDENANZA-MUNICIPAL-REGULADORA-DE-LA-CONCESIN-DE-TARJETAS-DE-ESTACIONAMIENTO-PARA-PERSONAS-CON-DISCAPACIDAD.pdf\">3.ORDENANZA MUNICIPAL REGULADORA DE LA CONCESI\u00d3N DE TARJETAS DE ESTACIONAMIENTO PARA PERSONAS CON DISCAPACIDAD (Tamaina 24.5Kb)<\/a><\/div>\n<div><\/div>\n<\/div>\n<div><a href=\"http:\/\/www.ezcabarte.es\/wp-content\/uploads\/sites\/58\/2014\/03\/eus-ord-pisten.pdf\">4. EZKABARTEKO MENDIKO PISTEN ETA BIDEEN ERABILERA ARAUTZEN DUEN ORDENANTZA (Tamaina 21 kb)<\/a><\/div>\n<div><\/div>\n<div><a href=\"http:\/\/www.ezkabarte.es\/wp-content\/uploads\/sites\/58\/2021\/06\/ARRISKUTSUAK-IZAN-DAITEZKEEN-ANIMALIAK.pdf\">5. ARRISKUTSUAK IZAN DAITEZKEEN ANIMALIAK ETA ETXEKO ANIMALIAK EDUKITZEA ARAUTZEN DUEN ORDENANTZA (Tamaina 77 kb)<\/a><\/div>\n<div><\/div>\n<div><a href=\"http:\/\/www.ezcabarte.es\/wp-content\/uploads\/sites\/58\/2014\/03\/eus-ord-arriskutsu.pdf\">5. ARRISKUTSUAK IZAN DAITEZKEEN ANIMALIAK ETA ETXEKO ANIMALIAK EDUKITZEA ARAUTZEN DUEN ORDENANTZA (Tamaina 42 kb)<\/a><\/div>\n<div><\/div>\n<div><a href=\"http:\/\/www.ezcabarte.es\/wp-content\/uploads\/sites\/58\/2014\/03\/eus-ord-trafikoa.pdf\">6. EZKABARTEKO TRAFIKOA ARAUTZEN DUEN ORDENANTZA (Tamaina 8 kb)<\/a><\/div>\n<div><\/div>\n<div><a href=\"http:\/\/www.ezkabarte.es\/wp-content\/uploads\/sites\/58\/2021\/06\/DIRULAGUNTZEN-ORDENANTZA-OROKORRA.pdf\">8. DIRULAGUNTZEN ORDENANTZA OROKORRA (Tamaina 53 kb)<\/a><\/div>\n<div><\/div>\n<p><\/p>","protected":false},"excerpt":{"rendered":"<p>1.ORDENANZA FISCAL GENERAL (Tama\u00f1o 71.1Kb) 2.ORDENANZA FISCAL GENERAL DE LAS CONTRIBUCIONES ESPECIALES (Tama\u00f1o 31.7Kb) 3.ORDENANZA FISCAL REGULADORA DE LA TASA DE ALCANTARILLADO Y DE DEPURACI\u00d3N DE AGUAS RESIDUALES (Tama\u00f1o 14.2Kb) 4.ORDENANZA REGULADORA DE LOS PRECIOS P\u00daBLICOS POR SUMINISTRO DE AGUA&hellip; <\/p>\n","protected":false},"author":144,"featured_media":0,"parent":13,"menu_order":16,"comment_status":"closed","ping_status":"closed","template":"","meta":{"_monsterinsights_skip_tracking":false,"_monsterinsights_sitenote_active":false,"_monsterinsights_sitenote_note":"","_monsterinsights_sitenote_category":0,"footnotes":""},"class_list":["post-58","page","type-page","status-publish","hentry"],"yoast_head":"<!-- This site is optimized with the Yoast SEO plugin v26.8 - https:\/\/yoast.com\/product\/yoast-seo-wordpress\/ -->\r\n<title>Ordenantzak - Ayuntamiento de Ezcabarte \/ Ezkabarteko Udala<\/title>\r\n<meta name=\"robots\" content=\"index, follow, max-snippet:-1, max-image-preview:large, max-video-preview:-1\" \/>\r\n<link rel=\"canonical\" href=\"http:\/\/www.ezkabarte.es\/eu\/ayuntamiento\/ordenanzas-y-reglamentos\/\" \/>\r\n<meta property=\"og:locale\" content=\"en_US\" \/>\r\n<meta property=\"og:type\" content=\"article\" \/>\r\n<meta property=\"og:title\" content=\"Ordenantzak - Ayuntamiento de Ezcabarte \/ Ezkabarteko Udala\" \/>\r\n<meta property=\"og:description\" content=\"1.ORDENANZA FISCAL GENERAL (Tama\u00f1o 71.1Kb) 2.ORDENANZA FISCAL GENERAL DE LAS CONTRIBUCIONES ESPECIALES (Tama\u00f1o 31.7Kb) 3.ORDENANZA FISCAL REGULADORA DE LA TASA DE ALCANTARILLADO Y DE DEPURACI\u00d3N DE AGUAS RESIDUALES (Tama\u00f1o 14.2Kb) 4.ORDENANZA REGULADORA DE LOS PRECIOS P\u00daBLICOS POR SUMINISTRO DE AGUA&hellip;\" \/>\r\n<meta property=\"og:url\" content=\"http:\/\/www.ezkabarte.es\/eu\/ayuntamiento\/ordenanzas-y-reglamentos\/\" \/>\r\n<meta property=\"og:site_name\" content=\"Ayuntamiento de Ezcabarte \/ Ezkabarteko Udala\" \/>\r\n<meta property=\"article:modified_time\" content=\"2026-03-06T10:32:13+00:00\" \/>\r\n<meta name=\"twitter:card\" content=\"summary_large_image\" \/>\r\n<meta name=\"twitter:label1\" content=\"Est. reading time\" \/>\n\t<meta name=\"twitter:data1\" content=\"2 minutua\" \/>\r\n<script type=\"application\/ld+json\" class=\"yoast-schema-graph\">{\"@context\":\"https:\/\/schema.org\",\"@graph\":[{\"@type\":\"WebPage\",\"@id\":\"http:\/\/www.ezkabarte.es\/eu\/ayuntamiento\/ordenanzas-y-reglamentos\/\",\"url\":\"http:\/\/www.ezkabarte.es\/eu\/ayuntamiento\/ordenanzas-y-reglamentos\/\",\"name\":\"Ordenantzak - Ayuntamiento de Ezcabarte \/ Ezkabarteko Udala\",\"isPartOf\":{\"@id\":\"http:\/\/www.ezkabarte.es\/eu\/#website\"},\"datePublished\":\"2014-03-26T13:15:46+00:00\",\"dateModified\":\"2026-03-06T10:32:13+00:00\",\"breadcrumb\":{\"@id\":\"http:\/\/www.ezkabarte.es\/eu\/ayuntamiento\/ordenanzas-y-reglamentos\/#breadcrumb\"},\"inLanguage\":\"eu\",\"potentialAction\":[{\"@type\":\"ReadAction\",\"target\":[[\"http:\/\/www.ezkabarte.es\/eu\/ayuntamiento\/ordenanzas-y-reglamentos\/\"]]}]},{\"@type\":\"BreadcrumbList\",\"@id\":\"http:\/\/www.ezkabarte.es\/eu\/ayuntamiento\/ordenanzas-y-reglamentos\/#breadcrumb\",\"itemListElement\":[{\"@type\":\"ListItem\",\"position\":1,\"name\":\"Portada\",\"item\":\"http:\/\/www.ezkabarte.es\/eu\/\"},{\"@type\":\"ListItem\",\"position\":2,\"name\":\"Ayuntamiento\",\"item\":\"http:\/\/www.ezkabarte.es\/eu\/ayuntamiento\/\"},{\"@type\":\"ListItem\",\"position\":3,\"name\":\"Ordenanzas y Reglamentos\"}]},{\"@type\":\"WebSite\",\"@id\":\"http:\/\/www.ezkabarte.es\/eu\/#website\",\"url\":\"http:\/\/www.ezkabarte.es\/eu\/\",\"name\":\"Ayuntamiento de Ezcabarte \/ Ezkabarteko Udala\",\"description\":\"Ezkabarteko Udala\",\"potentialAction\":[{\"@type\":\"SearchAction\",\"target\":{\"@type\":\"EntryPoint\",\"urlTemplate\":\"http:\/\/www.ezkabarte.es\/eu\/?s={search_term_string}\"},\"query-input\":{\"@type\":\"PropertyValueSpecification\",\"valueRequired\":true,\"valueName\":\"search_term_string\"}}],\"inLanguage\":\"eu\"}]}<\/script>\r\n<!-- \/ Yoast SEO plugin. -->","yoast_head_json":{"title":"Ordenantzak - Ayuntamiento de Ezcabarte \/ Ezkabarteko Udala","robots":{"index":"index","follow":"follow","max-snippet":"max-snippet:-1","max-image-preview":"max-image-preview:large","max-video-preview":"max-video-preview:-1"},"canonical":"http:\/\/www.ezkabarte.es\/eu\/ayuntamiento\/ordenanzas-y-reglamentos\/","og_locale":"en_US","og_type":"article","og_title":"Ordenantzak - Ayuntamiento de Ezcabarte \/ Ezkabarteko Udala","og_description":"1.ORDENANZA FISCAL GENERAL (Tama\u00f1o 71.1Kb) 2.ORDENANZA FISCAL GENERAL DE LAS CONTRIBUCIONES ESPECIALES (Tama\u00f1o 31.7Kb) 3.ORDENANZA FISCAL REGULADORA DE LA TASA DE ALCANTARILLADO Y DE DEPURACI\u00d3N DE AGUAS RESIDUALES (Tama\u00f1o 14.2Kb) 4.ORDENANZA REGULADORA DE LOS PRECIOS P\u00daBLICOS POR SUMINISTRO DE AGUA&hellip;","og_url":"http:\/\/www.ezkabarte.es\/eu\/ayuntamiento\/ordenanzas-y-reglamentos\/","og_site_name":"Ayuntamiento de Ezcabarte \/ Ezkabarteko Udala","article_modified_time":"2026-03-06T10:32:13+00:00","twitter_card":"summary_large_image","twitter_misc":{"Est. reading time":"2 minutua"},"schema":{"@context":"https:\/\/schema.org","@graph":[{"@type":"WebPage","@id":"http:\/\/www.ezkabarte.es\/eu\/ayuntamiento\/ordenanzas-y-reglamentos\/","url":"http:\/\/www.ezkabarte.es\/eu\/ayuntamiento\/ordenanzas-y-reglamentos\/","name":"Ordenantzak - Ayuntamiento de Ezcabarte \/ Ezkabarteko Udala","isPartOf":{"@id":"http:\/\/www.ezkabarte.es\/eu\/#website"},"datePublished":"2014-03-26T13:15:46+00:00","dateModified":"2026-03-06T10:32:13+00:00","breadcrumb":{"@id":"http:\/\/www.ezkabarte.es\/eu\/ayuntamiento\/ordenanzas-y-reglamentos\/#breadcrumb"},"inLanguage":"eu","potentialAction":[{"@type":"ReadAction","target":[["http:\/\/www.ezkabarte.es\/eu\/ayuntamiento\/ordenanzas-y-reglamentos\/"]]}]},{"@type":"BreadcrumbList","@id":"http:\/\/www.ezkabarte.es\/eu\/ayuntamiento\/ordenanzas-y-reglamentos\/#breadcrumb","itemListElement":[{"@type":"ListItem","position":1,"name":"Portada","item":"http:\/\/www.ezkabarte.es\/eu\/"},{"@type":"ListItem","position":2,"name":"Ayuntamiento","item":"http:\/\/www.ezkabarte.es\/eu\/ayuntamiento\/"},{"@type":"ListItem","position":3,"name":"Ordenanzas y Reglamentos"}]},{"@type":"WebSite","@id":"http:\/\/www.ezkabarte.es\/eu\/#website","url":"http:\/\/www.ezkabarte.es\/eu\/","name":"Ayuntamiento de Ezcabarte \/ Ezkabarteko Udala","description":"Ezkabarteko Udala","potentialAction":[{"@type":"SearchAction","target":{"@type":"EntryPoint","urlTemplate":"http:\/\/www.ezkabarte.es\/eu\/?s={search_term_string}"},"query-input":{"@type":"PropertyValueSpecification","valueRequired":true,"valueName":"search_term_string"}}],"inLanguage":"eu"}]}},"_links":{"self":[{"href":"http:\/\/www.ezkabarte.es\/eu\/wp-json\/wp\/v2\/pages\/58","targetHints":{"allow":["GET"]}}],"collection":[{"href":"http:\/\/www.ezkabarte.es\/eu\/wp-json\/wp\/v2\/pages"}],"about":[{"href":"http:\/\/www.ezkabarte.es\/eu\/wp-json\/wp\/v2\/types\/page"}],"author":[{"embeddable":true,"href":"http:\/\/www.ezkabarte.es\/eu\/wp-json\/wp\/v2\/users\/144"}],"replies":[{"embeddable":true,"href":"http:\/\/www.ezkabarte.es\/eu\/wp-json\/wp\/v2\/comments?post=58"}],"version-history":[{"count":14,"href":"http:\/\/www.ezkabarte.es\/eu\/wp-json\/wp\/v2\/pages\/58\/revisions"}],"predecessor-version":[{"id":12036,"href":"http:\/\/www.ezkabarte.es\/eu\/wp-json\/wp\/v2\/pages\/58\/revisions\/12036"}],"up":[{"embeddable":true,"href":"http:\/\/www.ezkabarte.es\/eu\/wp-json\/wp\/v2\/pages\/13"}],"wp:attachment":[{"href":"http:\/\/www.ezkabarte.es\/eu\/wp-json\/wp\/v2\/media?parent=58"}],"curies":[{"name":"wp","href":"https:\/\/api.w.org\/{rel}","templated":true}]}}