{"id":72,"date":"2014-03-27T11:09:08","date_gmt":"2014-03-27T11:09:08","guid":{"rendered":"http:\/\/www.ezkabarte.es\/?page_id=72"},"modified":"2019-06-17T15:16:28","modified_gmt":"2019-06-17T13:16:28","slug":"lugares","status":"publish","type":"page","link":"http:\/\/www.ezkabarte.es\/eu\/lugar-y-gentes\/lugares\/","title":{"rendered":"Lekuak"},"content":{"rendered":"<p><\/p>\n<ul>\n<li><a title=\"Anoz\" href=\"\/lugar-y-gentes\/lugares\/anoz\/\">Anoz<\/a><\/li>\n<li><a title=\"Arre\" href=\"\/lugar-y-gentes\/lugares\/arre\/\">Arre<\/a><\/li>\n<li><a title=\"Azoz\" href=\"\/lugar-y-gentes\/lugares\/azoz\/\">Azoz\/Azotz<\/a><\/li>\n<li><a title=\"Cildoz\" href=\"\/lugar-y-gentes\/lugares\/cildoz\/\">Zildoz<\/a><\/li>\n<li><a title=\"Eusa\" href=\"\/lugar-y-gentes\/lugares\/eusa\/\">Eusa<\/a><\/li>\n<li><a title=\"Ezcaba\" href=\"\/lugar-y-gentes\/lugares\/ezcaba\/\">Ezkaba<\/a><\/li>\n<li><a title=\"Garru\u00e9s\" href=\"\/lugar-y-gentes\/lugares\/garrues\/\">Garrues<\/a><\/li>\n<li><a title=\"Maquirriain\" href=\"\/lugar-y-gentes\/lugares\/maquirriain\/\">Makirriain<\/a><\/li>\n<li><a title=\"Oric\u00e1in\" href=\"\/lugar-y-gentes\/lugares\/oricain\/\">Orikain<\/a><\/li>\n<li><a title=\"Orrio\" href=\"\/lugar-y-gentes\/lugares\/orrio\/\">Orrio<\/a><\/li>\n<li><a title=\"Se\u00f1or\u00edo de Ad\u00e9riz\" href=\"\/lugar-y-gentes\/lugares\/senorio-de-aderiz\/\">Aderizko Jaurerria<\/a><\/li>\n<li><a title=\"Se\u00f1or\u00edo de Naguiz\" href=\"\/lugar-y-gentes\/lugares\/senorio-de-naguiz\/\">Nagizko Jaurerria<\/a><\/li>\n<li><a title=\"Sorauren\" href=\"\/lugar-y-gentes\/lugares\/sorauren\/\">Sorauren<\/a><\/li>\n<\/ul>\n<p><\/p>","protected":false},"excerpt":{"rendered":"<p>Anoz Arre Azoz\/Azotz Zildoz Eusa Ezkaba Garrues Makirriain Orikain Orrio Aderizko Jaurerria Nagizko Jaurerria Sorauren<\/p>\n","protected":false},"author":1,"featured_media":0,"parent":14,"menu_order":2,"comment_status":"closed","ping_status":"closed","template":"","meta":{"_monsterinsights_skip_tracking":false,"_monsterinsights_sitenote_active":false,"_monsterinsights_sitenote_note":"","_monsterinsights_sitenote_category":0,"footnotes":""},"class_list":["post-72","page","type-page","status-publish","hentry"],"yoast_head":"<!-- This site is optimized with the Yoast SEO plugin v26.8 - https:\/\/yoast.com\/product\/yoast-seo-wordpress\/ -->\r\n<title>Lekuak - Ayuntamiento de Ezcabarte \/ Ezkabarteko Udala<\/title>\r\n<meta name=\"robots\" content=\"index, follow, max-snippet:-1, max-image-preview:large, max-video-preview:-1\" \/>\r\n<link rel=\"canonical\" href=\"http:\/\/www.ezkabarte.es\/eu\/lugar-y-gentes\/lugares\/\" \/>\r\n<meta property=\"og:locale\" content=\"en_US\" \/>\r\n<meta property=\"og:type\" content=\"article\" \/>\r\n<meta property=\"og:title\" content=\"Lekuak - Ayuntamiento de Ezcabarte \/ Ezkabarteko Udala\" \/>\r\n<meta property=\"og:description\" content=\"Anoz Arre Azoz\/Azotz Zildoz Eusa Ezkaba Garrues Makirriain Orikain Orrio Aderizko Jaurerria Nagizko Jaurerria Sorauren\" \/>\r\n<meta property=\"og:url\" content=\"http:\/\/www.ezkabarte.es\/eu\/lugar-y-gentes\/lugares\/\" \/>\r\n<meta property=\"og:site_name\" content=\"Ayuntamiento de Ezcabarte \/ Ezkabarteko Udala\" \/>\r\n<meta property=\"article:modified_time\" content=\"2019-06-17T13:16:28+00:00\" \/>\r\n<meta name=\"twitter:card\" content=\"summary_large_image\" \/>\r\n<script type=\"application\/ld+json\" class=\"yoast-schema-graph\">{\"@context\":\"https:\/\/schema.org\",\"@graph\":[{\"@type\":\"WebPage\",\"@id\":\"http:\/\/www.ezkabarte.es\/eu\/lugar-y-gentes\/lugares\/\",\"url\":\"http:\/\/www.ezkabarte.es\/eu\/lugar-y-gentes\/lugares\/\",\"name\":\"Lekuak - Ayuntamiento de Ezcabarte \/ Ezkabarteko Udala\",\"isPartOf\":{\"@id\":\"http:\/\/www.ezkabarte.es\/eu\/#website\"},\"datePublished\":\"2014-03-27T11:09:08+00:00\",\"dateModified\":\"2019-06-17T13:16:28+00:00\",\"breadcrumb\":{\"@id\":\"http:\/\/www.ezkabarte.es\/eu\/lugar-y-gentes\/lugares\/#breadcrumb\"},\"inLanguage\":\"eu\",\"potentialAction\":[{\"@type\":\"ReadAction\",\"target\":[[\"http:\/\/www.ezkabarte.es\/eu\/lugar-y-gentes\/lugares\/\"]]}]},{\"@type\":\"BreadcrumbList\",\"@id\":\"http:\/\/www.ezkabarte.es\/eu\/lugar-y-gentes\/lugares\/#breadcrumb\",\"itemListElement\":[{\"@type\":\"ListItem\",\"position\":1,\"name\":\"Portada\",\"item\":\"http:\/\/www.ezkabarte.es\/eu\/\"},{\"@type\":\"ListItem\",\"position\":2,\"name\":\"Lugar y Gentes\",\"item\":\"http:\/\/www.ezkabarte.es\/eu\/lugar-y-gentes\/\"},{\"@type\":\"ListItem\",\"position\":3,\"name\":\"Lugares\"}]},{\"@type\":\"WebSite\",\"@id\":\"http:\/\/www.ezkabarte.es\/eu\/#website\",\"url\":\"http:\/\/www.ezkabarte.es\/eu\/\",\"name\":\"Ayuntamiento de Ezcabarte \/ Ezkabarteko Udala\",\"description\":\"Ezkabarteko Udala\",\"potentialAction\":[{\"@type\":\"SearchAction\",\"target\":{\"@type\":\"EntryPoint\",\"urlTemplate\":\"http:\/\/www.ezkabarte.es\/eu\/?s={search_term_string}\"},\"query-input\":{\"@type\":\"PropertyValueSpecification\",\"valueRequired\":true,\"valueName\":\"search_term_string\"}}],\"inLanguage\":\"eu\"}]}<\/script>\r\n<!-- \/ Yoast SEO plugin. -->","yoast_head_json":{"title":"Lekuak - Ayuntamiento de Ezcabarte \/ Ezkabarteko Udala","robots":{"index":"index","follow":"follow","max-snippet":"max-snippet:-1","max-image-preview":"max-image-preview:large","max-video-preview":"max-video-preview:-1"},"canonical":"http:\/\/www.ezkabarte.es\/eu\/lugar-y-gentes\/lugares\/","og_locale":"en_US","og_type":"article","og_title":"Lekuak - Ayuntamiento de Ezcabarte \/ Ezkabarteko Udala","og_description":"Anoz Arre Azoz\/Azotz Zildoz Eusa Ezkaba Garrues Makirriain Orikain Orrio Aderizko Jaurerria Nagizko Jaurerria Sorauren","og_url":"http:\/\/www.ezkabarte.es\/eu\/lugar-y-gentes\/lugares\/","og_site_name":"Ayuntamiento de Ezcabarte \/ Ezkabarteko Udala","article_modified_time":"2019-06-17T13:16:28+00:00","twitter_card":"summary_large_image","schema":{"@context":"https:\/\/schema.org","@graph":[{"@type":"WebPage","@id":"http:\/\/www.ezkabarte.es\/eu\/lugar-y-gentes\/lugares\/","url":"http:\/\/www.ezkabarte.es\/eu\/lugar-y-gentes\/lugares\/","name":"Lekuak - Ayuntamiento de Ezcabarte \/ Ezkabarteko Udala","isPartOf":{"@id":"http:\/\/www.ezkabarte.es\/eu\/#website"},"datePublished":"2014-03-27T11:09:08+00:00","dateModified":"2019-06-17T13:16:28+00:00","breadcrumb":{"@id":"http:\/\/www.ezkabarte.es\/eu\/lugar-y-gentes\/lugares\/#breadcrumb"},"inLanguage":"eu","potentialAction":[{"@type":"ReadAction","target":[["http:\/\/www.ezkabarte.es\/eu\/lugar-y-gentes\/lugares\/"]]}]},{"@type":"BreadcrumbList","@id":"http:\/\/www.ezkabarte.es\/eu\/lugar-y-gentes\/lugares\/#breadcrumb","itemListElement":[{"@type":"ListItem","position":1,"name":"Portada","item":"http:\/\/www.ezkabarte.es\/eu\/"},{"@type":"ListItem","position":2,"name":"Lugar y Gentes","item":"http:\/\/www.ezkabarte.es\/eu\/lugar-y-gentes\/"},{"@type":"ListItem","position":3,"name":"Lugares"}]},{"@type":"WebSite","@id":"http:\/\/www.ezkabarte.es\/eu\/#website","url":"http:\/\/www.ezkabarte.es\/eu\/","name":"Ayuntamiento de Ezcabarte \/ Ezkabarteko Udala","description":"Ezkabarteko Udala","potentialAction":[{"@type":"SearchAction","target":{"@type":"EntryPoint","urlTemplate":"http:\/\/www.ezkabarte.es\/eu\/?s={search_term_string}"},"query-input":{"@type":"PropertyValueSpecification","valueRequired":true,"valueName":"search_term_string"}}],"inLanguage":"eu"}]}},"_links":{"self":[{"href":"http:\/\/www.ezkabarte.es\/eu\/wp-json\/wp\/v2\/pages\/72","targetHints":{"allow":["GET"]}}],"collection":[{"href":"http:\/\/www.ezkabarte.es\/eu\/wp-json\/wp\/v2\/pages"}],"about":[{"href":"http:\/\/www.ezkabarte.es\/eu\/wp-json\/wp\/v2\/types\/page"}],"author":[{"embeddable":true,"href":"http:\/\/www.ezkabarte.es\/eu\/wp-json\/wp\/v2\/users\/1"}],"replies":[{"embeddable":true,"href":"http:\/\/www.ezkabarte.es\/eu\/wp-json\/wp\/v2\/comments?post=72"}],"version-history":[{"count":4,"href":"http:\/\/www.ezkabarte.es\/eu\/wp-json\/wp\/v2\/pages\/72\/revisions"}],"predecessor-version":[{"id":10360,"href":"http:\/\/www.ezkabarte.es\/eu\/wp-json\/wp\/v2\/pages\/72\/revisions\/10360"}],"up":[{"embeddable":true,"href":"http:\/\/www.ezkabarte.es\/eu\/wp-json\/wp\/v2\/pages\/14"}],"wp:attachment":[{"href":"http:\/\/www.ezkabarte.es\/eu\/wp-json\/wp\/v2\/media?parent=72"}],"curies":[{"name":"wp","href":"https:\/\/api.w.org\/{rel}","templated":true}]}}