{"id":76,"date":"2014-03-27T11:15:52","date_gmt":"2014-03-27T11:15:52","guid":{"rendered":"http:\/\/www.ezkabarte.es\/?page_id=76"},"modified":"2023-08-09T15:03:17","modified_gmt":"2023-08-09T13:03:17","slug":"cildoz","status":"publish","type":"page","link":"http:\/\/www.ezkabarte.es\/eu\/lugar-y-gentes\/lugares\/cildoz\/","title":{"rendered":"Zildotz &#8211; Cildoz"},"content":{"rendered":"<p><\/p>\n<h3>INTERESEKO DATUAK<\/h3>\n<ul>\n<li><strong>Historia kategoria:<\/strong> Tokia<\/li>\n<li><strong>Administrazio kategoria: <\/strong>Kontzejua<\/li>\n<li><strong>Kontzejuburua:<\/strong> Jesus Felix Lecumberri Ochoa<\/li>\n<li><strong>Auzitegi barrutia:<\/strong> Iru\u00f1ea<\/li>\n<li><strong>Merindadea: <\/strong>Iru\u00f1ea<\/li>\n<li><strong>Mankomunitatea:<\/strong> Iru\u00f1erria<\/li>\n<li><strong>Populazioa:<\/strong> 55 biztanle<\/li>\n<li><strong>Azalera:<\/strong> 7,26 Km \u00b2<\/li>\n<li><strong>Komunikazioak: <\/strong>NA-121-A eskualde mailako NA-4210rekiko loturaraino<\/li>\n<\/ul>\n<p>KOKAPENA<\/p>\n<p>Ezkaba mendiaren ipar hegalean eta Ezkabarteko mendebaldean dago.<\/p>\n<p>Berrigoiti, Untzu eta Nabatzekin mugatzen du.<\/p>\n<p>FESTAK<\/p>\n<p>Elkainaren azken asteburuan.<\/p>","protected":false},"excerpt":{"rendered":"<p>INTERESEKO DATUAK Historia kategoria: Tokia Administrazio kategoria: Kontzejua Kontzejuburua: Jesus Felix Lecumberri Ochoa Auzitegi barrutia: Iru\u00f1ea Merindadea: Iru\u00f1ea Mankomunitatea: Iru\u00f1erria Populazioa: 55 biztanle Azalera: 7,26 Km \u00b2 Komunikazioak: NA-121-A eskualde mailako NA-4210rekiko loturaraino KOKAPENA Ezkaba mendiaren ipar hegalean eta Ezkabarteko&hellip; <\/p>\n","protected":false},"author":1,"featured_media":0,"parent":72,"menu_order":4,"comment_status":"closed","ping_status":"closed","template":"","meta":{"_monsterinsights_skip_tracking":false,"_monsterinsights_sitenote_active":false,"_monsterinsights_sitenote_note":"","_monsterinsights_sitenote_category":0,"footnotes":""},"class_list":["post-76","page","type-page","status-publish","hentry"],"yoast_head":"<!-- This site is optimized with the Yoast SEO plugin v26.8 - https:\/\/yoast.com\/product\/yoast-seo-wordpress\/ -->\r\n<title>Zildotz - Cildoz - Ayuntamiento de Ezcabarte \/ Ezkabarteko Udala<\/title>\r\n<meta name=\"robots\" content=\"index, follow, max-snippet:-1, max-image-preview:large, max-video-preview:-1\" \/>\r\n<link rel=\"canonical\" href=\"http:\/\/www.ezkabarte.es\/eu\/lugar-y-gentes\/lugares\/cildoz\/\" \/>\r\n<meta property=\"og:locale\" content=\"en_US\" \/>\r\n<meta property=\"og:type\" content=\"article\" \/>\r\n<meta property=\"og:title\" content=\"Zildotz - Cildoz - Ayuntamiento de Ezcabarte \/ Ezkabarteko Udala\" \/>\r\n<meta property=\"og:description\" content=\"INTERESEKO DATUAK Historia kategoria: Tokia Administrazio kategoria: Kontzejua Kontzejuburua: Jesus Felix Lecumberri Ochoa Auzitegi barrutia: Iru\u00f1ea Merindadea: Iru\u00f1ea Mankomunitatea: Iru\u00f1erria Populazioa: 55 biztanle Azalera: 7,26 Km \u00b2 Komunikazioak: NA-121-A eskualde mailako NA-4210rekiko loturaraino KOKAPENA Ezkaba mendiaren ipar hegalean eta Ezkabarteko&hellip;\" \/>\r\n<meta property=\"og:url\" content=\"http:\/\/www.ezkabarte.es\/eu\/lugar-y-gentes\/lugares\/cildoz\/\" \/>\r\n<meta property=\"og:site_name\" content=\"Ayuntamiento de Ezcabarte \/ Ezkabarteko Udala\" \/>\r\n<meta property=\"article:modified_time\" content=\"2023-08-09T13:03:17+00:00\" \/>\r\n<meta name=\"twitter:card\" content=\"summary_large_image\" \/>\r\n<meta name=\"twitter:label1\" content=\"Est. reading time\" \/>\n\t<meta name=\"twitter:data1\" content=\"4 minutua\" \/>\r\n<script type=\"application\/ld+json\" class=\"yoast-schema-graph\">{\"@context\":\"https:\/\/schema.org\",\"@graph\":[{\"@type\":\"WebPage\",\"@id\":\"http:\/\/www.ezkabarte.es\/eu\/lugar-y-gentes\/lugares\/cildoz\/\",\"url\":\"http:\/\/www.ezkabarte.es\/eu\/lugar-y-gentes\/lugares\/cildoz\/\",\"name\":\"Zildotz - Cildoz - Ayuntamiento de Ezcabarte \/ Ezkabarteko Udala\",\"isPartOf\":{\"@id\":\"http:\/\/www.ezkabarte.es\/eu\/#website\"},\"datePublished\":\"2014-03-27T11:15:52+00:00\",\"dateModified\":\"2023-08-09T13:03:17+00:00\",\"breadcrumb\":{\"@id\":\"http:\/\/www.ezkabarte.es\/eu\/lugar-y-gentes\/lugares\/cildoz\/#breadcrumb\"},\"inLanguage\":\"eu\",\"potentialAction\":[{\"@type\":\"ReadAction\",\"target\":[[\"http:\/\/www.ezkabarte.es\/eu\/lugar-y-gentes\/lugares\/cildoz\/\"]]}]},{\"@type\":\"BreadcrumbList\",\"@id\":\"http:\/\/www.ezkabarte.es\/eu\/lugar-y-gentes\/lugares\/cildoz\/#breadcrumb\",\"itemListElement\":[{\"@type\":\"ListItem\",\"position\":1,\"name\":\"Portada\",\"item\":\"http:\/\/www.ezkabarte.es\/eu\/\"},{\"@type\":\"ListItem\",\"position\":2,\"name\":\"Lugar y Gentes\",\"item\":\"http:\/\/www.ezkabarte.es\/eu\/lugar-y-gentes\/\"},{\"@type\":\"ListItem\",\"position\":3,\"name\":\"Lugares\",\"item\":\"http:\/\/www.ezkabarte.es\/eu\/lugar-y-gentes\/lugares\/\"},{\"@type\":\"ListItem\",\"position\":4,\"name\":\"Zildotz &#8211; Cildoz\"}]},{\"@type\":\"WebSite\",\"@id\":\"http:\/\/www.ezkabarte.es\/eu\/#website\",\"url\":\"http:\/\/www.ezkabarte.es\/eu\/\",\"name\":\"Ayuntamiento de Ezcabarte \/ Ezkabarteko Udala\",\"description\":\"Ezkabarteko Udala\",\"potentialAction\":[{\"@type\":\"SearchAction\",\"target\":{\"@type\":\"EntryPoint\",\"urlTemplate\":\"http:\/\/www.ezkabarte.es\/eu\/?s={search_term_string}\"},\"query-input\":{\"@type\":\"PropertyValueSpecification\",\"valueRequired\":true,\"valueName\":\"search_term_string\"}}],\"inLanguage\":\"eu\"}]}<\/script>\r\n<!-- \/ Yoast SEO plugin. -->","yoast_head_json":{"title":"Zildotz - Cildoz - Ayuntamiento de Ezcabarte \/ Ezkabarteko Udala","robots":{"index":"index","follow":"follow","max-snippet":"max-snippet:-1","max-image-preview":"max-image-preview:large","max-video-preview":"max-video-preview:-1"},"canonical":"http:\/\/www.ezkabarte.es\/eu\/lugar-y-gentes\/lugares\/cildoz\/","og_locale":"en_US","og_type":"article","og_title":"Zildotz - Cildoz - Ayuntamiento de Ezcabarte \/ Ezkabarteko Udala","og_description":"INTERESEKO DATUAK Historia kategoria: Tokia Administrazio kategoria: Kontzejua Kontzejuburua: Jesus Felix Lecumberri Ochoa Auzitegi barrutia: Iru\u00f1ea Merindadea: Iru\u00f1ea Mankomunitatea: Iru\u00f1erria Populazioa: 55 biztanle Azalera: 7,26 Km \u00b2 Komunikazioak: NA-121-A eskualde mailako NA-4210rekiko loturaraino KOKAPENA Ezkaba mendiaren ipar hegalean eta Ezkabarteko&hellip;","og_url":"http:\/\/www.ezkabarte.es\/eu\/lugar-y-gentes\/lugares\/cildoz\/","og_site_name":"Ayuntamiento de Ezcabarte \/ Ezkabarteko Udala","article_modified_time":"2023-08-09T13:03:17+00:00","twitter_card":"summary_large_image","twitter_misc":{"Est. reading time":"4 minutua"},"schema":{"@context":"https:\/\/schema.org","@graph":[{"@type":"WebPage","@id":"http:\/\/www.ezkabarte.es\/eu\/lugar-y-gentes\/lugares\/cildoz\/","url":"http:\/\/www.ezkabarte.es\/eu\/lugar-y-gentes\/lugares\/cildoz\/","name":"Zildotz - Cildoz - Ayuntamiento de Ezcabarte \/ Ezkabarteko Udala","isPartOf":{"@id":"http:\/\/www.ezkabarte.es\/eu\/#website"},"datePublished":"2014-03-27T11:15:52+00:00","dateModified":"2023-08-09T13:03:17+00:00","breadcrumb":{"@id":"http:\/\/www.ezkabarte.es\/eu\/lugar-y-gentes\/lugares\/cildoz\/#breadcrumb"},"inLanguage":"eu","potentialAction":[{"@type":"ReadAction","target":[["http:\/\/www.ezkabarte.es\/eu\/lugar-y-gentes\/lugares\/cildoz\/"]]}]},{"@type":"BreadcrumbList","@id":"http:\/\/www.ezkabarte.es\/eu\/lugar-y-gentes\/lugares\/cildoz\/#breadcrumb","itemListElement":[{"@type":"ListItem","position":1,"name":"Portada","item":"http:\/\/www.ezkabarte.es\/eu\/"},{"@type":"ListItem","position":2,"name":"Lugar y Gentes","item":"http:\/\/www.ezkabarte.es\/eu\/lugar-y-gentes\/"},{"@type":"ListItem","position":3,"name":"Lugares","item":"http:\/\/www.ezkabarte.es\/eu\/lugar-y-gentes\/lugares\/"},{"@type":"ListItem","position":4,"name":"Zildotz &#8211; Cildoz"}]},{"@type":"WebSite","@id":"http:\/\/www.ezkabarte.es\/eu\/#website","url":"http:\/\/www.ezkabarte.es\/eu\/","name":"Ayuntamiento de Ezcabarte \/ Ezkabarteko Udala","description":"Ezkabarteko Udala","potentialAction":[{"@type":"SearchAction","target":{"@type":"EntryPoint","urlTemplate":"http:\/\/www.ezkabarte.es\/eu\/?s={search_term_string}"},"query-input":{"@type":"PropertyValueSpecification","valueRequired":true,"valueName":"search_term_string"}}],"inLanguage":"eu"}]}},"_links":{"self":[{"href":"http:\/\/www.ezkabarte.es\/eu\/wp-json\/wp\/v2\/pages\/76","targetHints":{"allow":["GET"]}}],"collection":[{"href":"http:\/\/www.ezkabarte.es\/eu\/wp-json\/wp\/v2\/pages"}],"about":[{"href":"http:\/\/www.ezkabarte.es\/eu\/wp-json\/wp\/v2\/types\/page"}],"author":[{"embeddable":true,"href":"http:\/\/www.ezkabarte.es\/eu\/wp-json\/wp\/v2\/users\/1"}],"replies":[{"embeddable":true,"href":"http:\/\/www.ezkabarte.es\/eu\/wp-json\/wp\/v2\/comments?post=76"}],"version-history":[{"count":4,"href":"http:\/\/www.ezkabarte.es\/eu\/wp-json\/wp\/v2\/pages\/76\/revisions"}],"predecessor-version":[{"id":11523,"href":"http:\/\/www.ezkabarte.es\/eu\/wp-json\/wp\/v2\/pages\/76\/revisions\/11523"}],"up":[{"embeddable":true,"href":"http:\/\/www.ezkabarte.es\/eu\/wp-json\/wp\/v2\/pages\/72"}],"wp:attachment":[{"href":"http:\/\/www.ezkabarte.es\/eu\/wp-json\/wp\/v2\/media?parent=76"}],"curies":[{"name":"wp","href":"https:\/\/api.w.org\/{rel}","templated":true}]}}